{"id":112,"date":"2025-01-31T16:55:13","date_gmt":"2025-01-31T16:55:13","guid":{"rendered":"https:\/\/ingrid-stadler-yoga.de\/?page_id=112"},"modified":"2025-02-04T13:58:34","modified_gmt":"2025-02-04T13:58:34","slug":"kontakt","status":"publish","type":"page","link":"https:\/\/ingrid-stadler-yoga.de\/index.php\/kontakt\/","title":{"rendered":"Kontakt"},"content":{"rendered":"\t\t<div data-elementor-type=\"wp-page\" data-elementor-id=\"112\" class=\"elementor elementor-112\" data-elementor-post-type=\"page\">\n\t\t\t\t\t\t<section class=\"elementor-section elementor-top-section elementor-element elementor-element-19086f0 elementor-section-boxed elementor-section-height-default elementor-section-height-default\" data-id=\"19086f0\" data-element_type=\"section\">\n\t\t\t\t\t\t<div class=\"elementor-container elementor-column-gap-no\">\n\t\t\t\t\t<div class=\"elementor-column elementor-col-50 elementor-top-column elementor-element elementor-element-dff39da\" data-id=\"dff39da\" data-element_type=\"column\">\n\t\t\t<div class=\"elementor-widget-wrap elementor-element-populated\">\n\t\t\t\t\t\t<div class=\"elementor-element elementor-element-0c8ee5d elementor-arrows-position-inside elementor-widget elementor-widget-image-carousel\" data-id=\"0c8ee5d\" data-element_type=\"widget\" data-settings=\"{&quot;slides_to_show&quot;:&quot;1&quot;,&quot;navigation&quot;:&quot;arrows&quot;,&quot;autoplay&quot;:&quot;yes&quot;,&quot;pause_on_hover&quot;:&quot;yes&quot;,&quot;pause_on_interaction&quot;:&quot;yes&quot;,&quot;autoplay_speed&quot;:5000,&quot;infinite&quot;:&quot;yes&quot;,&quot;effect&quot;:&quot;slide&quot;,&quot;speed&quot;:500}\" data-widget_type=\"image-carousel.default\">\n\t\t\t\t<div class=\"elementor-widget-container\">\n\t\t\t\t\t\t\t<div class=\"elementor-image-carousel-wrapper swiper\" role=\"region\" aria-roledescription=\"carousel\" aria-label=\"Bild Karussell\" dir=\"ltr\">\n\t\t\t<div class=\"elementor-image-carousel swiper-wrapper swiper-image-stretch\" aria-live=\"off\">\n\t\t\t\t\t\t\t\t<div class=\"swiper-slide\" role=\"group\" aria-roledescription=\"slide\" aria-label=\"1 von 3\"><figure class=\"swiper-slide-inner\"><img decoding=\"async\" class=\"swiper-slide-image\" src=\"https:\/\/ingrid-stadler-yoga.de\/wp-content\/uploads\/2025\/01\/Ingrid_Stadler_Kontakt1.jpg\" alt=\"Ingrid_Stadler_Kontakt1\" \/><\/figure><\/div><div class=\"swiper-slide\" role=\"group\" aria-roledescription=\"slide\" aria-label=\"2 von 3\"><figure class=\"swiper-slide-inner\"><img decoding=\"async\" class=\"swiper-slide-image\" src=\"https:\/\/ingrid-stadler-yoga.de\/wp-content\/uploads\/2025\/01\/Ingrid_Stadler_Kontakt2.jpg\" alt=\"Ingrid_Stadler_Kontakt2\" \/><\/figure><\/div><div class=\"swiper-slide\" role=\"group\" aria-roledescription=\"slide\" aria-label=\"3 von 3\"><figure class=\"swiper-slide-inner\"><img decoding=\"async\" class=\"swiper-slide-image\" src=\"https:\/\/ingrid-stadler-yoga.de\/wp-content\/uploads\/2025\/01\/Ingrid_Stadler_Kontakt3.jpg\" alt=\"Ingrid_Stadler_Kontakt3\" \/><\/figure><\/div>\t\t\t<\/div>\n\t\t\t\t\t\t\t\t\t\t\t\t<div class=\"elementor-swiper-button elementor-swiper-button-prev\" role=\"button\" tabindex=\"0\">\n\t\t\t\t\t\t<i aria-hidden=\"true\" class=\"eicon-chevron-left\"><\/i>\t\t\t\t\t<\/div>\n\t\t\t\t\t<div class=\"elementor-swiper-button elementor-swiper-button-next\" role=\"button\" tabindex=\"0\">\n\t\t\t\t\t\t<i aria-hidden=\"true\" class=\"eicon-chevron-right\"><\/i>\t\t\t\t\t<\/div>\n\t\t\t\t\n\t\t\t\t\t\t\t\t\t<\/div>\n\t\t\t\t\t\t<\/div>\n\t\t\t\t<\/div>\n\t\t\t\t\t<\/div>\n\t\t<\/div>\n\t\t\t\t<div class=\"elementor-column elementor-col-50 elementor-top-column elementor-element elementor-element-ead7672\" data-id=\"ead7672\" data-element_type=\"column\" data-settings=\"{&quot;background_background&quot;:&quot;classic&quot;}\">\n\t\t\t<div class=\"elementor-widget-wrap elementor-element-populated\">\n\t\t\t\t\t\t<div class=\"elementor-element elementor-element-0424481 elementor-widget elementor-widget-heading\" data-id=\"0424481\" data-element_type=\"widget\" data-widget_type=\"heading.default\">\n\t\t\t\t<div class=\"elementor-widget-container\">\n\t\t\t\t\t<h2 class=\"elementor-heading-title elementor-size-default\">Kontakt<\/h2>\t\t\t\t<\/div>\n\t\t\t\t<\/div>\n\t\t\t\t<div class=\"elementor-element elementor-element-f255865 elementor-widget elementor-widget-spacer\" data-id=\"f255865\" data-element_type=\"widget\" data-widget_type=\"spacer.default\">\n\t\t\t\t<div class=\"elementor-widget-container\">\n\t\t\t\t\t\t\t<div class=\"elementor-spacer\">\n\t\t\t<div class=\"elementor-spacer-inner\"><\/div>\n\t\t<\/div>\n\t\t\t\t\t\t<\/div>\n\t\t\t\t<\/div>\n\t\t\t\t<div class=\"elementor-element elementor-element-9479d57 elementor-widget elementor-widget-text-editor\" data-id=\"9479d57\" data-element_type=\"widget\" data-widget_type=\"text-editor.default\">\n\t\t\t\t<div class=\"elementor-widget-container\">\n\t\t\t\t\t\t\t\t\t<p style=\"font-weight: 400;\"><strong>Ingrid Stadler\u2028<\/strong><br \/><strong>Zertifizierte Yogalehrerin\u2028<\/strong>Hauptstra\u00dfe 1a<br \/>84101 Obers\u00fc\u00dfbach<\/p><p style=\"font-weight: 400;\">Tel. 08708 \/ 91011<\/p><p style=\"font-weight: 400;\"><a href=\"http:\/\/www.ingrid-stadler-yoga.de\/\">www.ingrid-stadler-yoga.de<\/a><br \/><a href=\"mailto:mail@ingrid-stadler-yoga.de\">mail[at]ingrid-stadler-yoga.de<\/a><\/p><p style=\"font-weight: 400;\">Schreiben Sie mir gerne bei gewecktem Interesse, erwachter Neugier oder zus\u00e4tzlichen Fragen!<\/p><p style=\"font-weight: 400;\">Ebenfalls freue ich mich \u00fcber R\u00fcckmeldungen oder Erfahrungen bez\u00fcglich meiner Kurse.<\/p>\t\t\t\t\t\t\t\t<\/div>\n\t\t\t\t<\/div>\n\t\t\t\t\t<\/div>\n\t\t<\/div>\n\t\t\t\t\t<\/div>\n\t\t<\/section>\n\t\t\t\t<\/div>\n\t\t","protected":false},"excerpt":{"rendered":"<p>Kontakt Ingrid Stadler\u2028Zertifizierte Yogalehrerin\u2028Hauptstra\u00dfe 1a84101 Obers\u00fc\u00dfbach Tel. 08708 \/ 91011 www.ingrid-stadler-yoga.demail[at]ingrid-stadler-yoga.de Schreiben Sie mir gerne bei gewecktem Interesse, erwachter Neugier oder zus\u00e4tzlichen Fragen! Ebenfalls freue ich mich \u00fcber R\u00fcckmeldungen oder Erfahrungen bez\u00fcglich meiner Kurse.<\/p>\n","protected":false},"author":2,"featured_media":133,"parent":0,"menu_order":0,"comment_status":"closed","ping_status":"closed","template":"","meta":{"footnotes":""},"class_list":["post-112","page","type-page","status-publish","has-post-thumbnail","hentry"],"_links":{"self":[{"href":"https:\/\/ingrid-stadler-yoga.de\/index.php\/wp-json\/wp\/v2\/pages\/112","targetHints":{"allow":["GET"]}}],"collection":[{"href":"https:\/\/ingrid-stadler-yoga.de\/index.php\/wp-json\/wp\/v2\/pages"}],"about":[{"href":"https:\/\/ingrid-stadler-yoga.de\/index.php\/wp-json\/wp\/v2\/types\/page"}],"author":[{"embeddable":true,"href":"https:\/\/ingrid-stadler-yoga.de\/index.php\/wp-json\/wp\/v2\/users\/2"}],"replies":[{"embeddable":true,"href":"https:\/\/ingrid-stadler-yoga.de\/index.php\/wp-json\/wp\/v2\/comments?post=112"}],"version-history":[{"count":10,"href":"https:\/\/ingrid-stadler-yoga.de\/index.php\/wp-json\/wp\/v2\/pages\/112\/revisions"}],"predecessor-version":[{"id":361,"href":"https:\/\/ingrid-stadler-yoga.de\/index.php\/wp-json\/wp\/v2\/pages\/112\/revisions\/361"}],"wp:featuredmedia":[{"embeddable":true,"href":"https:\/\/ingrid-stadler-yoga.de\/index.php\/wp-json\/wp\/v2\/media\/133"}],"wp:attachment":[{"href":"https:\/\/ingrid-stadler-yoga.de\/index.php\/wp-json\/wp\/v2\/media?parent=112"}],"curies":[{"name":"wp","href":"https:\/\/api.w.org\/{rel}","templated":true}]}}