{"id":80,"date":"2025-01-31T16:35:26","date_gmt":"2025-01-31T16:35:26","guid":{"rendered":"https:\/\/ingrid-stadler-yoga.de\/?page_id=80"},"modified":"2025-01-31T20:06:00","modified_gmt":"2025-01-31T20:06:00","slug":"yoga","status":"publish","type":"page","link":"https:\/\/ingrid-stadler-yoga.de\/index.php\/yoga\/","title":{"rendered":"Yoga"},"content":{"rendered":"\t\t<div data-elementor-type=\"wp-page\" data-elementor-id=\"80\" class=\"elementor elementor-80\" data-elementor-post-type=\"page\">\n\t\t\t\t\t\t<section class=\"elementor-section elementor-top-section elementor-element elementor-element-52226ee elementor-section-boxed elementor-section-height-default elementor-section-height-default\" data-id=\"52226ee\" data-element_type=\"section\">\n\t\t\t\t\t\t<div class=\"elementor-container elementor-column-gap-no\">\n\t\t\t\t\t<div class=\"elementor-column elementor-col-50 elementor-top-column elementor-element elementor-element-53ca246\" data-id=\"53ca246\" data-element_type=\"column\">\n\t\t\t<div class=\"elementor-widget-wrap elementor-element-populated\">\n\t\t\t\t\t\t<div class=\"elementor-element elementor-element-c9a1a26 elementor-arrows-position-inside elementor-widget elementor-widget-image-carousel\" data-id=\"c9a1a26\" data-element_type=\"widget\" data-settings=\"{&quot;slides_to_show&quot;:&quot;1&quot;,&quot;navigation&quot;:&quot;arrows&quot;,&quot;autoplay&quot;:&quot;yes&quot;,&quot;pause_on_hover&quot;:&quot;yes&quot;,&quot;pause_on_interaction&quot;:&quot;yes&quot;,&quot;autoplay_speed&quot;:5000,&quot;infinite&quot;:&quot;yes&quot;,&quot;effect&quot;:&quot;slide&quot;,&quot;speed&quot;:500}\" data-widget_type=\"image-carousel.default\">\n\t\t\t\t<div class=\"elementor-widget-container\">\n\t\t\t\t\t\t\t<div class=\"elementor-image-carousel-wrapper swiper\" role=\"region\" aria-roledescription=\"carousel\" aria-label=\"Bild Karussell\" dir=\"ltr\">\n\t\t\t<div class=\"elementor-image-carousel swiper-wrapper swiper-image-stretch\" aria-live=\"off\">\n\t\t\t\t\t\t\t\t<div class=\"swiper-slide\" role=\"group\" aria-roledescription=\"slide\" aria-label=\"1 von 3\"><figure class=\"swiper-slide-inner\"><img decoding=\"async\" class=\"swiper-slide-image\" src=\"https:\/\/ingrid-stadler-yoga.de\/wp-content\/uploads\/2025\/01\/Ingrid_Stadler_Yoga1.jpg\" alt=\"Ingrid_Stadler_Yoga1\" \/><\/figure><\/div><div class=\"swiper-slide\" role=\"group\" aria-roledescription=\"slide\" aria-label=\"2 von 3\"><figure class=\"swiper-slide-inner\"><img decoding=\"async\" class=\"swiper-slide-image\" src=\"https:\/\/ingrid-stadler-yoga.de\/wp-content\/uploads\/2025\/01\/Ingrid_Stadler_Yoga2.jpg\" alt=\"Ingrid_Stadler_Yoga2\" \/><\/figure><\/div><div class=\"swiper-slide\" role=\"group\" aria-roledescription=\"slide\" aria-label=\"3 von 3\"><figure class=\"swiper-slide-inner\"><img decoding=\"async\" class=\"swiper-slide-image\" src=\"https:\/\/ingrid-stadler-yoga.de\/wp-content\/uploads\/2025\/01\/Ingrid_Stadler_Yoga3.jpg\" alt=\"Ingrid_Stadler_Yoga3\" \/><\/figure><\/div>\t\t\t<\/div>\n\t\t\t\t\t\t\t\t\t\t\t\t<div class=\"elementor-swiper-button elementor-swiper-button-prev\" role=\"button\" tabindex=\"0\">\n\t\t\t\t\t\t<i aria-hidden=\"true\" class=\"eicon-chevron-left\"><\/i>\t\t\t\t\t<\/div>\n\t\t\t\t\t<div class=\"elementor-swiper-button elementor-swiper-button-next\" role=\"button\" tabindex=\"0\">\n\t\t\t\t\t\t<i aria-hidden=\"true\" class=\"eicon-chevron-right\"><\/i>\t\t\t\t\t<\/div>\n\t\t\t\t\n\t\t\t\t\t\t\t\t\t<\/div>\n\t\t\t\t\t\t<\/div>\n\t\t\t\t<\/div>\n\t\t\t\t\t<\/div>\n\t\t<\/div>\n\t\t\t\t<div class=\"elementor-column elementor-col-50 elementor-top-column elementor-element elementor-element-f9a4f2d\" data-id=\"f9a4f2d\" data-element_type=\"column\" data-settings=\"{&quot;background_background&quot;:&quot;classic&quot;}\">\n\t\t\t<div class=\"elementor-widget-wrap elementor-element-populated\">\n\t\t\t\t\t\t<div class=\"elementor-element elementor-element-8afabba elementor-widget elementor-widget-heading\" data-id=\"8afabba\" data-element_type=\"widget\" data-widget_type=\"heading.default\">\n\t\t\t\t<div class=\"elementor-widget-container\">\n\t\t\t\t\t<h2 class=\"elementor-heading-title elementor-size-default\">Yoga - tut einfach nur gut!<\/h2>\t\t\t\t<\/div>\n\t\t\t\t<\/div>\n\t\t\t\t<div class=\"elementor-element elementor-element-a215846 elementor-widget elementor-widget-spacer\" data-id=\"a215846\" data-element_type=\"widget\" data-widget_type=\"spacer.default\">\n\t\t\t\t<div class=\"elementor-widget-container\">\n\t\t\t\t\t\t\t<div class=\"elementor-spacer\">\n\t\t\t<div class=\"elementor-spacer-inner\"><\/div>\n\t\t<\/div>\n\t\t\t\t\t\t<\/div>\n\t\t\t\t<\/div>\n\t\t\t\t<div class=\"elementor-element elementor-element-e4d250e elementor-widget elementor-widget-text-editor\" data-id=\"e4d250e\" data-element_type=\"widget\" data-widget_type=\"text-editor.default\">\n\t\t\t\t<div class=\"elementor-widget-container\">\n\t\t\t\t\t\t\t\t\t<p style=\"font-weight: 400;\">Seit Jahrtausenden verbindet sich in der Yogatradition das Zusammenwirken<\/p><p style=\"font-weight: 400;\">von K\u00f6rper und Geist und f\u00f6rdert so die Gesundheit.<\/p><p style=\"font-weight: 400;\">In den \u00dcbungsstunden lernen die Teilnehmer wieder ihren K\u00f6rper wohlig und angenehm wahrzunehmen. Die Beweglichkeit wird gef\u00f6rdert und ein positives K\u00f6rpergef\u00fchl erfahren. Durch die statisch ausgef\u00fchrten Asanas (=K\u00f6rperhaltungen) kommt der Geist zur Ruhe.<\/p><p style=\"font-weight: 400;\">Yoga\u00a0verbessert die k\u00f6rperliche und seelische Lebensqualit\u00e4t<\/p><p style=\"font-weight: 400;\">Ihre Ingrid Stadler<\/p><p style=\"font-weight: 400;\">Zertifizierte Yogalehrerin<\/p>\t\t\t\t\t\t\t\t<\/div>\n\t\t\t\t<\/div>\n\t\t\t\t\t<\/div>\n\t\t<\/div>\n\t\t\t\t\t<\/div>\n\t\t<\/section>\n\t\t\t\t<\/div>\n\t\t","protected":false},"excerpt":{"rendered":"<p>Yoga &#8211; tut einfach nur gut! Seit Jahrtausenden verbindet sich in der Yogatradition das Zusammenwirken von K\u00f6rper und Geist und f\u00f6rdert so die Gesundheit. In den \u00dcbungsstunden lernen die Teilnehmer wieder ihren K\u00f6rper wohlig und angenehm wahrzunehmen. Die Beweglichkeit wird gef\u00f6rdert und ein positives K\u00f6rpergef\u00fchl erfahren. Durch die statisch ausgef\u00fchrten Asanas (=K\u00f6rperhaltungen) kommt der Geist [&hellip;]<\/p>\n","protected":false},"author":2,"featured_media":132,"parent":0,"menu_order":0,"comment_status":"closed","ping_status":"closed","template":"","meta":{"footnotes":""},"class_list":["post-80","page","type-page","status-publish","has-post-thumbnail","hentry"],"_links":{"self":[{"href":"https:\/\/ingrid-stadler-yoga.de\/index.php\/wp-json\/wp\/v2\/pages\/80","targetHints":{"allow":["GET"]}}],"collection":[{"href":"https:\/\/ingrid-stadler-yoga.de\/index.php\/wp-json\/wp\/v2\/pages"}],"about":[{"href":"https:\/\/ingrid-stadler-yoga.de\/index.php\/wp-json\/wp\/v2\/types\/page"}],"author":[{"embeddable":true,"href":"https:\/\/ingrid-stadler-yoga.de\/index.php\/wp-json\/wp\/v2\/users\/2"}],"replies":[{"embeddable":true,"href":"https:\/\/ingrid-stadler-yoga.de\/index.php\/wp-json\/wp\/v2\/comments?post=80"}],"version-history":[{"count":49,"href":"https:\/\/ingrid-stadler-yoga.de\/index.php\/wp-json\/wp\/v2\/pages\/80\/revisions"}],"predecessor-version":[{"id":198,"href":"https:\/\/ingrid-stadler-yoga.de\/index.php\/wp-json\/wp\/v2\/pages\/80\/revisions\/198"}],"wp:featuredmedia":[{"embeddable":true,"href":"https:\/\/ingrid-stadler-yoga.de\/index.php\/wp-json\/wp\/v2\/media\/132"}],"wp:attachment":[{"href":"https:\/\/ingrid-stadler-yoga.de\/index.php\/wp-json\/wp\/v2\/media?parent=80"}],"curies":[{"name":"wp","href":"https:\/\/api.w.org\/{rel}","templated":true}]}}